{"id":31846,"date":"2026-01-21T12:56:41","date_gmt":"2026-01-21T12:56:41","guid":{"rendered":"https:\/\/www.acmtrioditrieste.it\/?page_id=31846"},"modified":"2026-03-04T13:15:55","modified_gmt":"2026-03-04T13:15:55","slug":"winners-super-green-at-sartorio","status":"publish","type":"page","link":"https:\/\/www.acmtrioditrieste.it\/en\/winners-super-green-at-sartorio\/","title":{"rendered":"Winners Super Green at SARTORIO"},"content":{"rendered":"\t\t<div data-elementor-type=\"wp-page\" data-elementor-id=\"31846\" class=\"elementor elementor-31846\" data-elementor-post-type=\"page\">\n\t\t\t\t\t\t<section class=\"elementor-section elementor-top-section elementor-element elementor-element-8fa859f elementor-section-boxed elementor-section-height-default elementor-section-height-default sc_fly_static\" data-id=\"8fa859f\" data-element_type=\"section\" data-e-type=\"section\">\n\t\t\t\t\t\t<div class=\"elementor-container elementor-column-gap-extended\">\n\t\t\t\t\t<div class=\"elementor-column elementor-col-100 elementor-top-column elementor-element elementor-element-488e621 sc_content_align_inherit sc_layouts_column_icons_position_left sc_fly_static\" data-id=\"488e621\" data-element_type=\"column\" data-e-type=\"column\">\n\t\t\t<div class=\"elementor-widget-wrap elementor-element-populated\">\n\t\t\t\t\t\t<div class=\"elementor-element elementor-element-63ab518 sc_height_large sc_fly_static elementor-widget elementor-widget-spacer\" data-id=\"63ab518\" data-element_type=\"widget\" data-e-type=\"widget\" data-widget_type=\"spacer.default\">\n\t\t\t\t<div class=\"elementor-widget-container\">\n\t\t\t\t\t\t\t<div class=\"elementor-spacer\">\n\t\t\t<div class=\"elementor-spacer-inner\"><\/div>\n\t\t<\/div>\n\t\t\t\t\t\t<\/div>\n\t\t\t\t<\/div>\n\t\t\t\t\t<\/div>\n\t\t<\/div>\n\t\t\t\t\t<\/div>\n\t\t<\/section>\n\t\t\t\t<section class=\"elementor-section elementor-top-section elementor-element elementor-element-92e38ef elementor-section-boxed elementor-section-height-default elementor-section-height-default sc_fly_static\" data-id=\"92e38ef\" data-element_type=\"section\" data-e-type=\"section\">\n\t\t\t\t\t\t<div class=\"elementor-container elementor-column-gap-extended\">\n\t\t\t\t\t<div class=\"elementor-column elementor-col-100 elementor-top-column elementor-element elementor-element-32a6758 sc_content_align_inherit sc_layouts_column_icons_position_left sc_fly_static\" data-id=\"32a6758\" data-element_type=\"column\" data-e-type=\"column\">\n\t\t\t<div class=\"elementor-widget-wrap\">\n\t\t\t\t\t\t\t<\/div>\n\t\t<\/div>\n\t\t\t\t\t<\/div>\n\t\t<\/section>\n\t\t\t\t<section class=\"elementor-section elementor-top-section elementor-element elementor-element-6b7e69b elementor-section-boxed elementor-section-height-default elementor-section-height-default sc_fly_static\" data-id=\"6b7e69b\" data-element_type=\"section\" data-e-type=\"section\" data-settings=\"{&quot;background_background&quot;:&quot;classic&quot;}\">\n\t\t\t\t\t\t<div class=\"elementor-container elementor-column-gap-extended\">\n\t\t\t\t\t<div class=\"elementor-column elementor-col-100 elementor-top-column elementor-element elementor-element-cf5892d sc_content_align_inherit sc_layouts_column_icons_position_left sc_fly_static\" data-id=\"cf5892d\" data-element_type=\"column\" data-e-type=\"column\">\n\t\t\t<div class=\"elementor-widget-wrap elementor-element-populated\">\n\t\t\t\t\t\t<div class=\"elementor-element elementor-element-76ccfca sc_fly_static elementor-widget elementor-widget-spacer\" data-id=\"76ccfca\" data-element_type=\"widget\" data-e-type=\"widget\" data-widget_type=\"spacer.default\">\n\t\t\t\t<div class=\"elementor-widget-container\">\n\t\t\t\t\t\t\t<div class=\"elementor-spacer\">\n\t\t\t<div class=\"elementor-spacer-inner\"><\/div>\n\t\t<\/div>\n\t\t\t\t\t\t<\/div>\n\t\t\t\t<\/div>\n\t\t\t\t<div class=\"elementor-element elementor-element-60fc798 sc_fly_static elementor-widget elementor-widget-trx_sc_title\" data-id=\"60fc798\" data-element_type=\"widget\" data-e-type=\"widget\" data-widget_type=\"trx_sc_title.default\">\n\t\t\t\t<div class=\"elementor-widget-container\">\n\t\t\t\t\t<div\t\tclass=\"sc_title sc_title_default\" ><span class=\"sc_item_subtitle sc_title_subtitle sc_item_subtitle_above sc_item_title_style_default\">2025 \/ Sartorio Museum - Trieste<\/span><h1 class=\"sc_item_title sc_title_title sc_item_title_style_default sc_item_title_tag\"\n\t\t\t><span class=\"sc_item_title_text\">Winners Super Green at SARTORIO <\/span><\/h1><\/div>\t\t\t\t<\/div>\n\t\t\t\t<\/div>\n\t\t\t\t<div class=\"elementor-element elementor-element-b879e30 sc_height_small sc_fly_static elementor-widget elementor-widget-spacer\" data-id=\"b879e30\" data-element_type=\"widget\" data-e-type=\"widget\" data-widget_type=\"spacer.default\">\n\t\t\t\t<div class=\"elementor-widget-container\">\n\t\t\t\t\t\t\t<div class=\"elementor-spacer\">\n\t\t\t<div class=\"elementor-spacer-inner\"><\/div>\n\t\t<\/div>\n\t\t\t\t\t\t<\/div>\n\t\t\t\t<\/div>\n\t\t\t\t<section class=\"elementor-section elementor-inner-section elementor-element elementor-element-0bdf12c elementor-section-boxed elementor-section-height-default elementor-section-height-default sc_fly_static\" data-id=\"0bdf12c\" data-element_type=\"section\" data-e-type=\"section\">\n\t\t\t\t\t\t<div class=\"elementor-container elementor-column-gap-extended\">\n\t\t\t\t\t<div class=\"elementor-column elementor-col-50 elementor-inner-column elementor-element elementor-element-f28b42b sc_content_align_inherit sc_layouts_column_icons_position_left sc_fly_static\" data-id=\"f28b42b\" data-element_type=\"column\" data-e-type=\"column\">\n\t\t\t<div class=\"elementor-widget-wrap elementor-element-populated\">\n\t\t\t\t\t\t<div class=\"elementor-element elementor-element-449dae9 sc_gradient_animation_none sc_fly_static elementor-widget elementor-widget-trx_sc_button\" data-id=\"449dae9\" data-element_type=\"widget\" data-e-type=\"widget\" data-widget_type=\"trx_sc_button.default\">\n\t\t\t\t<div class=\"elementor-widget-container\">\n\t\t\t\t\t<div\tclass=\"sc_item_button sc_button_wrap sc_align_center\" ><a href=\"https:\/\/biglietteria.ticketpoint-trieste.it\/prenota-abbonamento-open.php?negozio_abbonamento_open_id=28\" class=\"sc_button sc_button_default sc_button_size_normal sc_button_icon_left color_style_link2\" ><span class=\"sc_button_text\"><span class=\"sc_button_title\">Purchase a Subscription<\/span><\/span><\/a><\/div>\t\t\t\t<\/div>\n\t\t\t\t<\/div>\n\t\t\t\t\t<\/div>\n\t\t<\/div>\n\t\t\t\t<div class=\"elementor-column elementor-col-50 elementor-inner-column elementor-element elementor-element-dfe6bbe sc_content_align_inherit sc_layouts_column_icons_position_left sc_fly_static\" data-id=\"dfe6bbe\" data-element_type=\"column\" data-e-type=\"column\">\n\t\t\t<div class=\"elementor-widget-wrap elementor-element-populated\">\n\t\t\t\t\t\t<div class=\"elementor-element elementor-element-9985f56 sc_fly_static elementor-widget elementor-widget-trx_sc_button\" data-id=\"9985f56\" data-element_type=\"widget\" data-e-type=\"widget\" data-widget_type=\"trx_sc_button.default\">\n\t\t\t\t<div class=\"elementor-widget-container\">\n\t\t\t\t\t<div\tclass=\"sc_item_button sc_button_wrap sc_align_center\" ><a href=\"https:\/\/biglietteria.ticketpoint-trieste.it\/Article.php?id=4\" class=\"sc_button sc_button_default sc_button_size_normal sc_button_icon_left color_style_link2\" ><span class=\"sc_button_text\"><span class=\"sc_button_title\">Purchase Individual Tickets<\/span><\/span><\/a><\/div>\t\t\t\t<\/div>\n\t\t\t\t<\/div>\n\t\t\t\t\t<\/div>\n\t\t<\/div>\n\t\t\t\t\t<\/div>\n\t\t<\/section>\n\t\t\t\t<div class=\"elementor-element elementor-element-5006e0b elementor-widget-divider--view-line sc_fly_static elementor-widget elementor-widget-divider\" data-id=\"5006e0b\" data-element_type=\"widget\" data-e-type=\"widget\" data-widget_type=\"divider.default\">\n\t\t\t\t<div class=\"elementor-widget-container\">\n\t\t\t\t\t\t\t<div class=\"elementor-divider\">\n\t\t\t<span class=\"elementor-divider-separator\">\n\t\t\t\t\t\t<\/span>\n\t\t<\/div>\n\t\t\t\t\t\t<\/div>\n\t\t\t\t<\/div>\n\t\t\t\t<div class=\"elementor-element elementor-element-fbf59cc sc_fly_static elementor-widget elementor-widget-spacer\" data-id=\"fbf59cc\" data-element_type=\"widget\" data-e-type=\"widget\" data-widget_type=\"spacer.default\">\n\t\t\t\t<div class=\"elementor-widget-container\">\n\t\t\t\t\t\t\t<div class=\"elementor-spacer\">\n\t\t\t<div class=\"elementor-spacer-inner\"><\/div>\n\t\t<\/div>\n\t\t\t\t\t\t<\/div>\n\t\t\t\t<\/div>\n\t\t\t\t<div class=\"elementor-element elementor-element-326b93e sc_fly_static elementor-widget elementor-widget-spacer\" data-id=\"326b93e\" data-element_type=\"widget\" data-e-type=\"widget\" data-widget_type=\"spacer.default\">\n\t\t\t\t<div class=\"elementor-widget-container\">\n\t\t\t\t\t\t\t<div class=\"elementor-spacer\">\n\t\t\t<div class=\"elementor-spacer-inner\"><\/div>\n\t\t<\/div>\n\t\t\t\t\t\t<\/div>\n\t\t\t\t<\/div>\n\t\t\t\t\t<\/div>\n\t\t<\/div>\n\t\t\t\t\t<\/div>\n\t\t<\/section>\n\t\t\t\t<section class=\"elementor-section-with-custom-width elementor-section elementor-top-section elementor-element elementor-element-3ef97b5 elementor-section-boxed elementor-section-height-default elementor-section-height-default sc_fly_static\" data-id=\"3ef97b5\" data-element_type=\"section\" data-e-type=\"section\" data-settings=\"{&quot;background_background&quot;:&quot;classic&quot;}\">\n\t\t\t\t\t\t<div class=\"elementor-container elementor-column-gap-extended\">\n\t\t\t\t\t<div class=\"elementor-column elementor-col-100 elementor-top-column elementor-element elementor-element-7397954 sc_content_align_inherit sc_layouts_column_icons_position_left sc_fly_static\" data-id=\"7397954\" data-element_type=\"column\" data-e-type=\"column\">\n\t\t\t<div class=\"elementor-widget-wrap elementor-element-populated\">\n\t\t\t\t\t\t<div class=\"elementor-element elementor-element-a96c9a5 sc_fly_static elementor-widget elementor-widget-spacer\" data-id=\"a96c9a5\" data-element_type=\"widget\" data-e-type=\"widget\" data-widget_type=\"spacer.default\">\n\t\t\t\t<div class=\"elementor-widget-container\">\n\t\t\t\t\t\t\t<div class=\"elementor-spacer\">\n\t\t\t<div class=\"elementor-spacer-inner\"><\/div>\n\t\t<\/div>\n\t\t\t\t\t\t<\/div>\n\t\t\t\t<\/div>\n\t\t\t\t<section class=\"elementor-section elementor-inner-section elementor-element elementor-element-ac71383 elementor-section-boxed elementor-section-height-default elementor-section-height-default sc_fly_static\" data-id=\"ac71383\" data-element_type=\"section\" data-e-type=\"section\">\n\t\t\t\t\t\t<div class=\"elementor-container elementor-column-gap-extended\">\n\t\t\t\t\t<div class=\"elementor-column elementor-col-100 elementor-inner-column elementor-element elementor-element-39e53a2 sc_content_align_inherit sc_layouts_column_icons_position_left sc_fly_static\" data-id=\"39e53a2\" data-element_type=\"column\" data-e-type=\"column\">\n\t\t\t<div class=\"elementor-widget-wrap elementor-element-populated\">\n\t\t\t\t\t\t<div class=\"elementor-element elementor-element-1838df3 sc_fly_static elementor-widget elementor-widget-heading\" data-id=\"1838df3\" data-element_type=\"widget\" data-e-type=\"widget\" data-widget_type=\"heading.default\">\n\t\t\t\t<div class=\"elementor-widget-container\">\n\t\t\t\t\t<h2 class=\"elementor-heading-title elementor-size-default\">19 - 26 October<br>\n 2 - 9 November<br> 2025<br>\n<br>Sartorio Museum<br>\nTrieste<\/h2>\t\t\t\t<\/div>\n\t\t\t\t<\/div>\n\t\t\t\t<div class=\"elementor-element elementor-element-98c68ab sc_fly_static elementor-widget elementor-widget-spacer\" data-id=\"98c68ab\" data-element_type=\"widget\" data-e-type=\"widget\" data-widget_type=\"spacer.default\">\n\t\t\t\t<div class=\"elementor-widget-container\">\n\t\t\t\t\t\t\t<div class=\"elementor-spacer\">\n\t\t\t<div class=\"elementor-spacer-inner\"><\/div>\n\t\t<\/div>\n\t\t\t\t\t\t<\/div>\n\t\t\t\t<\/div>\n\t\t\t\t\t<\/div>\n\t\t<\/div>\n\t\t\t\t\t<\/div>\n\t\t<\/section>\n\t\t\t\t\t<\/div>\n\t\t<\/div>\n\t\t\t\t\t<\/div>\n\t\t<\/section>\n\t\t\t\t<section class=\"elementor-section elementor-top-section elementor-element elementor-element-d91f437 elementor-section-boxed elementor-section-height-default elementor-section-height-default sc_fly_static\" data-id=\"d91f437\" data-element_type=\"section\" data-e-type=\"section\">\n\t\t\t\t\t\t<div class=\"elementor-container elementor-column-gap-extended\">\n\t\t\t\t\t<div class=\"elementor-column elementor-col-100 elementor-top-column elementor-element elementor-element-2fd98ea sc_content_align_inherit sc_layouts_column_icons_position_left sc_fly_static\" data-id=\"2fd98ea\" data-element_type=\"column\" data-e-type=\"column\">\n\t\t\t<div class=\"elementor-widget-wrap elementor-element-populated\">\n\t\t\t\t\t\t<div class=\"elementor-element elementor-element-c943c6c sc_fly_static elementor-widget elementor-widget-spacer\" data-id=\"c943c6c\" data-element_type=\"widget\" data-e-type=\"widget\" data-widget_type=\"spacer.default\">\n\t\t\t\t<div class=\"elementor-widget-container\">\n\t\t\t\t\t\t\t<div class=\"elementor-spacer\">\n\t\t\t<div class=\"elementor-spacer-inner\"><\/div>\n\t\t<\/div>\n\t\t\t\t\t\t<\/div>\n\t\t\t\t<\/div>\n\t\t\t\t\t<\/div>\n\t\t<\/div>\n\t\t\t\t\t<\/div>\n\t\t<\/section>\n\t\t\t\t<section class=\"elementor-section elementor-top-section elementor-element elementor-element-58457b1 elementor-section-boxed elementor-section-height-default elementor-section-height-default sc_fly_static\" data-id=\"58457b1\" data-element_type=\"section\" data-e-type=\"section\">\n\t\t\t\t\t\t<div class=\"elementor-container elementor-column-gap-extended\">\n\t\t\t\t\t<div class=\"elementor-column elementor-col-100 elementor-top-column elementor-element elementor-element-238a10d sc_content_align_inherit sc_layouts_column_icons_position_left sc_fly_static\" data-id=\"238a10d\" data-element_type=\"column\" data-e-type=\"column\">\n\t\t\t<div class=\"elementor-widget-wrap elementor-element-populated\">\n\t\t\t\t\t\t<section class=\"elementor-section elementor-inner-section elementor-element elementor-element-dae1786 elementor-section-boxed elementor-section-height-default elementor-section-height-default sc_fly_static\" data-id=\"dae1786\" data-element_type=\"section\" data-e-type=\"section\">\n\t\t\t\t\t\t<div class=\"elementor-container elementor-column-gap-extended\">\n\t\t\t\t\t<div class=\"elementor-column elementor-col-50 elementor-inner-column elementor-element elementor-element-3169629 sc_content_align_inherit sc_layouts_column_icons_position_left sc_fly_static\" data-id=\"3169629\" data-element_type=\"column\" data-e-type=\"column\">\n\t\t\t<div class=\"elementor-widget-wrap elementor-element-populated\">\n\t\t\t\t\t\t<div class=\"elementor-element elementor-element-b8bddd6 sc_fly_static elementor-widget elementor-widget-text-editor\" data-id=\"b8bddd6\" data-element_type=\"widget\" data-e-type=\"widget\" data-widget_type=\"text-editor.default\">\n\t\t\t\t<div class=\"elementor-widget-container\">\n\t\t\t\t\t\t\t\t\t<p><strong data-start=\"108\" data-end=\"128\">SINGLE TICKET<\/strong><br data-start=\"128\" data-end=\"131\" \/>Full price \u20ac13 (+ <span style=\"font-weight: 400;\">service <\/span>fee)<br data-start=\"161\" data-end=\"164\" \/>Members \u20ac8 (+ <span style=\"font-weight: 400;\">service <\/span>fee)<br data-start=\"190\" data-end=\"193\" \/>Students \u20ac5 (+ <span style=\"font-weight: 400;\">service <\/span>fee)<\/p><p data-start=\"224\" data-end=\"314\"><strong data-start=\"224\" data-end=\"244\">4 &#8211; TICKET PACKAGE<\/strong>*<br data-start=\"245\" data-end=\"248\" \/>Full price \u20ac43 (+ <span style=\"font-weight: 400;\">service <\/span>fee)<br data-start=\"278\" data-end=\"281\" \/>ACM Members \u20ac27 (+ <span style=\"font-weight: 400;\">service <\/span>fee)<\/p><p data-start=\"316\" data-end=\"369\">*Non-named ticket package usable by multiple people<\/p><p data-start=\"371\" data-end=\"501\"><strong data-start=\"371\" data-end=\"385\">IMPORTANT:<\/strong> It is mandatory to reserve the date of attendance and the number of tickets to be used from the package in advance.<\/p>\t\t\t\t\t\t\t\t<\/div>\n\t\t\t\t<\/div>\n\t\t\t\t\t<\/div>\n\t\t<\/div>\n\t\t\t\t<div class=\"elementor-column elementor-col-50 elementor-inner-column elementor-element elementor-element-40b3720 sc_content_align_inherit sc_layouts_column_icons_position_left sc_fly_static\" data-id=\"40b3720\" data-element_type=\"column\" data-e-type=\"column\">\n\t\t\t<div class=\"elementor-widget-wrap elementor-element-populated\">\n\t\t\t\t\t\t<div class=\"elementor-element elementor-element-ec8fe0b sc_fly_static elementor-widget elementor-widget-text-editor\" data-id=\"ec8fe0b\" data-element_type=\"widget\" data-e-type=\"widget\" data-widget_type=\"text-editor.default\">\n\t\t\t\t<div class=\"elementor-widget-container\">\n\t\t\t\t\t\t\t\t\t<p data-start=\"112\" data-end=\"294\"><strong data-start=\"112\" data-end=\"141\">Subscriptions and Tickets<\/strong><br data-start=\"141\" data-end=\"144\" \/>Available at <strong data-start=\"157\" data-end=\"172\">TICKETPOINT<\/strong> or at the <strong data-start=\"183\" data-end=\"201\">venue entrance<\/strong> on the day of the event from <strong data-start=\"231\" data-end=\"266\">one hour before the performance<\/strong>, subject to availability.<\/p><p data-start=\"296\" data-end=\"381\"><strong data-start=\"296\" data-end=\"311\">TICKETPOINT<\/strong><br data-start=\"311\" data-end=\"314\" \/>Corso Italia 9 (Galleria Rossoni), Trieste<br data-start=\"356\" data-end=\"359\" \/>Tel. +39 040 3498276<\/p>\t\t\t\t\t\t\t\t<\/div>\n\t\t\t\t<\/div>\n\t\t\t\t<div class=\"elementor-element elementor-element-2b074df sc_fly_static elementor-widget elementor-widget-spacer\" data-id=\"2b074df\" data-element_type=\"widget\" data-e-type=\"widget\" data-widget_type=\"spacer.default\">\n\t\t\t\t<div class=\"elementor-widget-container\">\n\t\t\t\t\t\t\t<div class=\"elementor-spacer\">\n\t\t\t<div class=\"elementor-spacer-inner\"><\/div>\n\t\t<\/div>\n\t\t\t\t\t\t<\/div>\n\t\t\t\t<\/div>\n\t\t\t\t<div class=\"elementor-element elementor-element-82e13b0 sc_fly_static elementor-widget elementor-widget-google_maps\" data-id=\"82e13b0\" data-element_type=\"widget\" data-e-type=\"widget\" data-widget_type=\"google_maps.default\">\n\t\t\t\t<div class=\"elementor-widget-container\">\n\t\t\t\t\t\t\t<div class=\"elementor-custom-embed\">\n\t\t\t<iframe loading=\"lazy\"\n\t\t\t\t\tsrc=\"https:\/\/maps.google.com\/maps?q=Ticketpoint%20Corso%20Italia%209%20%28Galleria%20Rossoni%29%2C%20Trieste&#038;t=m&#038;z=16&#038;output=embed&#038;iwloc=near\"\n\t\t\t\t\ttitle=\"Ticketpoint Corso Italia 9 (Galleria Rossoni), Trieste\"\n\t\t\t\t\taria-label=\"Ticketpoint Corso Italia 9 (Galleria Rossoni), Trieste\"\n\t\t\t><\/iframe>\n\t\t<\/div>\n\t\t\t\t\t\t<\/div>\n\t\t\t\t<\/div>\n\t\t\t\t\t<\/div>\n\t\t<\/div>\n\t\t\t\t\t<\/div>\n\t\t<\/section>\n\t\t\t\t\t<\/div>\n\t\t<\/div>\n\t\t\t\t\t<\/div>\n\t\t<\/section>\n\t\t\t\t<section class=\"elementor-section elementor-top-section elementor-element elementor-element-342d134 elementor-section-boxed elementor-section-height-default elementor-section-height-default sc_fly_static\" data-id=\"342d134\" data-element_type=\"section\" data-e-type=\"section\">\n\t\t\t\t\t\t<div class=\"elementor-container elementor-column-gap-extended\">\n\t\t\t\t\t<div class=\"elementor-column elementor-col-100 elementor-top-column elementor-element elementor-element-c967a1b sc_content_align_inherit sc_layouts_column_icons_position_left sc_fly_static\" data-id=\"c967a1b\" data-element_type=\"column\" data-e-type=\"column\">\n\t\t\t<div class=\"elementor-widget-wrap elementor-element-populated\">\n\t\t\t\t\t\t<div class=\"elementor-element elementor-element-415e5c0 sc_fly_static elementor-widget elementor-widget-spacer\" data-id=\"415e5c0\" data-element_type=\"widget\" data-e-type=\"widget\" data-widget_type=\"spacer.default\">\n\t\t\t\t<div class=\"elementor-widget-container\">\n\t\t\t\t\t\t\t<div class=\"elementor-spacer\">\n\t\t\t<div class=\"elementor-spacer-inner\"><\/div>\n\t\t<\/div>\n\t\t\t\t\t\t<\/div>\n\t\t\t\t<\/div>\n\t\t\t\t\t<\/div>\n\t\t<\/div>\n\t\t\t\t\t<\/div>\n\t\t<\/section>\n\t\t\t\t<\/div>\n\t\t","protected":false},"excerpt":{"rendered":"<p>2025 \/ Sartorio Museum &#8211; Trieste Winners Super Green at SARTORIO Purchase a Subscription Purchase Individual Tickets 09Nov, 2025 Duo Ivani\u0161 &#8211; \u0160ulc Trieste 9 Novembre 2025 17:00 Tamara Ivani\u0161&hellip;<\/p>\n","protected":false},"author":3,"featured_media":30299,"parent":0,"menu_order":0,"comment_status":"closed","ping_status":"closed","template":"","meta":{"footnotes":""},"class_list":["post-31846","page","type-page","status-publish","has-post-thumbnail","hentry"],"_links":{"self":[{"href":"https:\/\/www.acmtrioditrieste.it\/en\/wp-json\/wp\/v2\/pages\/31846","targetHints":{"allow":["GET"]}}],"collection":[{"href":"https:\/\/www.acmtrioditrieste.it\/en\/wp-json\/wp\/v2\/pages"}],"about":[{"href":"https:\/\/www.acmtrioditrieste.it\/en\/wp-json\/wp\/v2\/types\/page"}],"author":[{"embeddable":true,"href":"https:\/\/www.acmtrioditrieste.it\/en\/wp-json\/wp\/v2\/users\/3"}],"replies":[{"embeddable":true,"href":"https:\/\/www.acmtrioditrieste.it\/en\/wp-json\/wp\/v2\/comments?post=31846"}],"version-history":[{"count":16,"href":"https:\/\/www.acmtrioditrieste.it\/en\/wp-json\/wp\/v2\/pages\/31846\/revisions"}],"predecessor-version":[{"id":32171,"href":"https:\/\/www.acmtrioditrieste.it\/en\/wp-json\/wp\/v2\/pages\/31846\/revisions\/32171"}],"wp:featuredmedia":[{"embeddable":true,"href":"https:\/\/www.acmtrioditrieste.it\/en\/wp-json\/wp\/v2\/media\/30299"}],"wp:attachment":[{"href":"https:\/\/www.acmtrioditrieste.it\/en\/wp-json\/wp\/v2\/media?parent=31846"}],"curies":[{"name":"wp","href":"https:\/\/api.w.org\/{rel}","templated":true}]}}